{"id":19,"date":"2024-08-16T12:52:32","date_gmt":"2024-08-16T12:52:32","guid":{"rendered":"https:\/\/coconutbelt.com\/hauttouch\/?page_id=19"},"modified":"2024-09-17T03:27:11","modified_gmt":"2024-09-17T03:27:11","slug":"acerca-de","status":"publish","type":"page","link":"https:\/\/coconutbelt.com\/hauttouch\/acerca-de\/","title":{"rendered":"Acerca de"},"content":{"rendered":"\n<figure class=\"wp-block-image size-full\"><img loading=\"lazy\" decoding=\"async\" width=\"824\" height=\"429\" src=\"https:\/\/coconutbelt.com\/hauttouch\/wp-content\/uploads\/2024\/08\/about-img.jpg\" alt=\"\" class=\"wp-image-39\" srcset=\"https:\/\/coconutbelt.com\/hauttouch\/wp-content\/uploads\/2024\/08\/about-img.jpg 824w, https:\/\/coconutbelt.com\/hauttouch\/wp-content\/uploads\/2024\/08\/about-img-691x360.jpg 691w, https:\/\/coconutbelt.com\/hauttouch\/wp-content\/uploads\/2024\/08\/about-img-300x156.jpg 300w, https:\/\/coconutbelt.com\/hauttouch\/wp-content\/uploads\/2024\/08\/about-img-768x400.jpg 768w\" sizes=\"auto, (max-width: 824px) 100vw, 824px\" \/><\/figure>\n\n\n\n<p>Haut Touch is a digital retouching studio founded in 2005 by Xavi Carreras and Dani Ca\u00f1o, photographers originally and both with extensive previous experience in retouching as freelance retouchers in different studios.<\/p>\n\n\n\n<p>For 6 years it was based in one of the turrets of La Casa de les Punxes and in 2012 it moved to Palo Alto, in the Poblenou neighborhood of Barcelona.<\/p>\n\n\n\n<p>\u2026 \u201cPalo Alto is a limited territory, an urban island that preserves a piece of Barcelona\u2019s memory, of its industrial past.\u201d \u2026<\/p>\n\n\n\n<p>Text extracted from www.paloaltobcn.org<\/p>\n\n\n\n<p>In our studio, the main objective is to offer a personalized solution for the manipulation of your images that guarantees quality and reliability in each of the phases of photographic processing.<\/p>\n\n\n\n<p>We rely on the most reputable tools: Quato Excellence and Eizo ColorEdge monitors, MacPro Quad Core computers, Wacom Intuos tablets.<\/p>\n\n\n\n<p>For printing we have the ISO certified color proofing system, GMG ColorProof under HP Designjet Z3200 as well as a viewing booth with standardized light for graphic arts from Just Normlicht.<\/p>\n\n\n\n<p>In our studio, the main objective is to offer a personalized solution for the manipulation of your images that guarantees quality and reliability in each of the phases of photographic processing.<\/p>\n\n\n\n<p>We rely on the most reputable tools: Quato Excellence and Eizo ColorEdge monitors, MacPro Quad Core computers, Wacom Intuos tablets.<\/p>\n\n\n\n<p>For printing we have the ISO certified color proofing system, GMG ColorProof under HP Designjet Z3200 as well as a viewing booth with standardized light for graphic arts from Just Normlicht.<\/p>\n\n\n\n<p><strong>How to get there:<\/strong><\/p>\n\n\n\n<p>Haut Touch Retouching Studio<br>Pellaires, 30-38 (Palo Alto)<br>08019 Barcelona<br>Telephone: 93 458 11 86 from 10:00 a.m. to 6:00 p.m.<br>Bus: 7, 26, 41. Metro: L4 (Selva de Mar). Tram : L4 (Fluvi\u00e0). Bicing: Ram\u00f3n Turr\u00f3 287 (corner Bac de Roda). Parking: Palo Alto.<\/p>\n\n\n\n<div class=\"wp-block-columns is-layout-flex wp-container-core-columns-is-layout-9d6595d7 wp-block-columns-is-layout-flex\">\n<div class=\"wp-block-column is-layout-flow wp-block-column-is-layout-flow\" style=\"flex-basis:33.33%\">\n<figure class=\"wp-block-image size-full\"><img loading=\"lazy\" decoding=\"async\" width=\"225\" height=\"301\" src=\"https:\/\/coconutbelt.com\/hauttouch\/wp-content\/uploads\/2024\/09\/image-xavi.jpg\" alt=\"\" class=\"wp-image-153\"\/><\/figure>\n<\/div>\n\n\n\n<div class=\"wp-block-column is-layout-flow wp-block-column-is-layout-flow\" style=\"flex-basis:66.66%\">\n<p><strong>Xavi Carreras<\/strong><\/p>\n\n\n\n<p>He began his professional career as a photography assistant in the architecture and fashion sectors.<\/p>\n\n\n\n<p>Once he completed his studies in 1990, he settled in Menorca where he carried out various assignments alternating photography of interior design, product, society and archaeology.<\/p>\n\n\n\n<p>At the same time, he opens another door with travel photography, publishing in national magazines such as Descobrir Catalunya, Ronda Iberia, Viajar or Pen\u00ednsula and internationally such as Gente Viaggi, Geo, Traveler or Medit\u00e9rran\u00e9e.<\/p>\n\n\n\n<p>He returned to Barcelona in 1996 where he studied digital retouching and quickly became familiar with color calibration tools, which allowed him to work as a retoucher in various studios.<\/p>\n\n\n\n<p>Finally, in 2000, he decided to establish himself on his own and create, in 2005, together with Dani, Haut Touch.<\/p>\n\n\n\n<p>He began his teaching work in 2005, teaching classes in the Master of Digital Image at the Autonomous University of Barcelona. She conducts seminars in the Master of the EFTI School of Photography in Madrid. She also speaks for Adobe, Apple and Hewlett Packard in Spain, England and Germany.<\/p>\n\n\n\n<p>Awards: Co-author of the 1998 Silver Lux<br>Award in Digital Retouching (AFP)<\/p>\n\n\n\n<p>Co-author of the 2002 Lux Oro Architecture Prize (AFP)<\/p>\n<\/div>\n<\/div>\n\n\n\n<div class=\"wp-block-columns is-layout-flex wp-container-core-columns-is-layout-9d6595d7 wp-block-columns-is-layout-flex\">\n<div class=\"wp-block-column is-layout-flow wp-block-column-is-layout-flow\" style=\"flex-basis:33.33%\">\n<figure class=\"wp-block-image size-full\"><img loading=\"lazy\" decoding=\"async\" width=\"225\" height=\"301\" src=\"https:\/\/coconutbelt.com\/hauttouch\/wp-content\/uploads\/2024\/09\/image-mark.jpg\" alt=\"\" class=\"wp-image-151\"\/><\/figure>\n<\/div>\n\n\n\n<div class=\"wp-block-column is-layout-flow wp-block-column-is-layout-flow\" style=\"flex-basis:66.66%\">\n<p><strong>Mark Reyes<\/strong><\/p>\n\n\n\n<p>A fan of photography since he was a child due to family inheritance, he graduated in photography at IEFC and later specialized in still life and advertising retouching.<\/p>\n\n\n\n<p>In 2019 he joined the studio, developing his interest in CGI, attending different courses specialized in photorealistic rendering for products.<\/p>\n\n\n\n<p>Likewise, and when the weather permits, he carries out sports photography assignments (cycling, trail running and MTB).<\/p>\n<\/div>\n<\/div>\n\n\n\n<p><\/p>\n","protected":false},"excerpt":{"rendered":"<p>Haut Touch is a digital retouching studio founded in 2005 by Xavi Carreras and Dani Ca\u00f1o, photographers originally and both with extensive previous experience in retouching as freelance retouchers in different studios. For 6 years it was based in one of the turrets of La Casa de les Punxes and in 2012 it moved to [&hellip;]<\/p>\n","protected":false},"author":1,"featured_media":0,"parent":0,"menu_order":0,"comment_status":"closed","ping_status":"closed","template":"tpl-about.php","meta":{"_acf_changed":false,"footnotes":""},"class_list":["post-19","page","type-page","status-publish","hentry"],"acf":[],"_links":{"self":[{"href":"https:\/\/coconutbelt.com\/hauttouch\/wp-json\/wp\/v2\/pages\/19","targetHints":{"allow":["GET"]}}],"collection":[{"href":"https:\/\/coconutbelt.com\/hauttouch\/wp-json\/wp\/v2\/pages"}],"about":[{"href":"https:\/\/coconutbelt.com\/hauttouch\/wp-json\/wp\/v2\/types\/page"}],"author":[{"embeddable":true,"href":"https:\/\/coconutbelt.com\/hauttouch\/wp-json\/wp\/v2\/users\/1"}],"replies":[{"embeddable":true,"href":"https:\/\/coconutbelt.com\/hauttouch\/wp-json\/wp\/v2\/comments?post=19"}],"version-history":[{"count":11,"href":"https:\/\/coconutbelt.com\/hauttouch\/wp-json\/wp\/v2\/pages\/19\/revisions"}],"predecessor-version":[{"id":172,"href":"https:\/\/coconutbelt.com\/hauttouch\/wp-json\/wp\/v2\/pages\/19\/revisions\/172"}],"wp:attachment":[{"href":"https:\/\/coconutbelt.com\/hauttouch\/wp-json\/wp\/v2\/media?parent=19"}],"curies":[{"name":"wp","href":"https:\/\/api.w.org\/{rel}","templated":true}]}}